{"id":78655,"date":"2023-01-15T19:47:33","date_gmt":"2023-01-16T02:47:33","guid":{"rendered":"https:\/\/broz.growinghome.org\/?page_id=78655"},"modified":"2024-12-16T09:45:22","modified_gmt":"2024-12-16T16:45:22","slug":"financials","status":"publish","type":"page","link":"https:\/\/growinghome.org\/es\/who-we-are\/resources\/financials\/","title":{"rendered":"Finanzas"},"content":{"rendered":"<p><div class=\"fusion-fullwidth fullwidth-box fusion-builder-row-1 fusion-flex-container has-pattern-background has-mask-background fusion-parallax-none nonhundred-percent-fullwidth non-hundred-percent-height-scrolling\" style=\"--awb-background-position:center top;--awb-background-blend-mode:overlay;--awb-border-radius-top-left:0px;--awb-border-radius-top-right:0px;--awb-border-radius-bottom-right:0px;--awb-border-radius-bottom-left:0px;--awb-padding-top:250px;--awb-padding-bottom:125px;--awb-padding-top-medium:250px;--awb-padding-bottom-medium:200px;--awb-padding-top-small:65px;--awb-padding-bottom-small:75px;--awb-background-color:rgba(47,69,78,0.45);--awb-background-image:url(&quot;https:\/\/growinghome.org\/wp-content\/uploads\/2022\/11\/slider_GHGeneral_03.jpg&quot;);--awb-background-size:cover;--awb-flex-wrap:wrap;\" ><div class=\"fusion-builder-row fusion-row fusion-flex-align-items-flex-start fusion-flex-content-wrap\" style=\"max-width:1248px;margin-left: calc(-4% \/ 2 );margin-right: calc(-4% \/ 2 );\"><\/div><\/div>\n\n<div class=\"fusion-fullwidth fullwidth-box fusion-builder-row-2 fusion-flex-container has-pattern-background has-mask-background nonhundred-percent-fullwidth non-hundred-percent-height-scrolling\" style=\"--awb-border-radius-top-left:0px;--awb-border-radius-top-right:0px;--awb-border-radius-bottom-right:0px;--awb-border-radius-bottom-left:0px;--awb-padding-top:25px;--awb-padding-bottom:25px;--awb-background-color:var(--awb-color4);--awb-flex-wrap:wrap;\" ><div class=\"fusion-builder-row fusion-row fusion-flex-align-items-flex-start fusion-flex-content-wrap\" style=\"max-width:1248px;margin-left: calc(-4% \/ 2 );margin-right: calc(-4% \/ 2 );\"><div class=\"fusion-layout-column fusion_builder_column fusion-builder-column-0 fusion_builder_column_1_1 1_1 fusion-flex-column fusion-flex-align-self-stretch fusion-animated\" style=\"--awb-bg-size:cover;--awb-width-large:100%;--awb-margin-top-large:0px;--awb-spacing-right-large:1.92%;--awb-margin-bottom-large:0px;--awb-spacing-left-large:1.92%;--awb-width-medium:100%;--awb-order-medium:0;--awb-spacing-right-medium:1.92%;--awb-spacing-left-medium:1.92%;--awb-width-small:100%;--awb-order-small:0;--awb-spacing-right-small:1.92%;--awb-spacing-left-small:1.92%;\" data-animationtype=\"fadeInUp\" data-animationduration=\"0.3\" data-animationoffset=\"top-into-view\" data-scroll-devices=\"small-visibility,medium-visibility,large-visibility\"><div class=\"fusion-column-wrapper fusion-column-has-shadow fusion-flex-justify-content-center fusion-content-layout-column\"><div class=\"fusion-title title fusion-title-1 fusion-sep-none fusion-title-center fusion-title-text fusion-title-size-two\" style=\"--awb-text-color:var(--awb-color1);--awb-margin-bottom:13px;--awb-margin-top-small:0px;--awb-margin-right-small:0px;--awb-margin-bottom-small:13px;--awb-margin-left-small:0px;--awb-margin-bottom-medium:13px;--awb-font-size:24px;\"><h2 class=\"fusion-title-heading title-heading-center fusion-responsive-typography-calculated\" style=\"margin:0;text-transform:none;font-size:1em;--fontSize:24;line-height:1.10;\">Our Offices and Food Pantry Will Be Closed <strong>Monday 05\/25\/2026<\/strong> in Observance of Memorial Day.<\/h2><\/div><\/div><\/div><\/div><\/div>\n<div class=\"fusion-fullwidth fullwidth-box fusion-builder-row-3 fusion-flex-container has-pattern-background has-mask-background nonhundred-percent-fullwidth non-hundred-percent-height-scrolling\" style=\"--awb-border-radius-top-left:0px;--awb-border-radius-top-right:0px;--awb-border-radius-bottom-right:0px;--awb-border-radius-bottom-left:0px;--awb-padding-top:75px;--awb-padding-bottom:75px;--awb-flex-wrap:wrap;\" ><div class=\"fusion-builder-row fusion-row fusion-flex-align-items-flex-start fusion-flex-content-wrap\" style=\"max-width:1248px;margin-left: calc(-4% \/ 2 );margin-right: calc(-4% \/ 2 );\"><div class=\"fusion-layout-column fusion_builder_column fusion-builder-column-1 fusion_builder_column_1_1 1_1 fusion-flex-column fusion-animated\" style=\"--awb-padding-bottom:35px;--awb-padding-bottom-medium:35px;--awb-padding-bottom-small:35px;--awb-bg-size:cover;--awb-width-large:100%;--awb-margin-top-large:0px;--awb-spacing-right-large:1.92%;--awb-margin-bottom-large:0px;--awb-spacing-left-large:1.92%;--awb-width-medium:100%;--awb-order-medium:0;--awb-spacing-right-medium:1.92%;--awb-spacing-left-medium:1.92%;--awb-width-small:100%;--awb-order-small:0;--awb-spacing-right-small:1.92%;--awb-spacing-left-small:1.92%;\" data-animationtype=\"fadeInUp\" data-animationduration=\"0.3\" data-animationoffset=\"top-into-view\"><div class=\"fusion-column-wrapper fusion-column-has-shadow fusion-flex-justify-content-flex-start fusion-content-layout-column\"><div class=\"fusion-title title fusion-title-2 fusion-sep-none fusion-title-text fusion-title-size-one\" style=\"--awb-text-color:var(--awb-color8);--awb-margin-top-small:0px;--awb-margin-right-small:0px;--awb-margin-bottom-small:25px;--awb-margin-left-small:0px;--awb-font-size:28px;\"><h1 class=\"fusion-title-heading title-heading-left fusion-responsive-typography-calculated\" style=\"margin:0;text-transform:none;font-size:1em;--fontSize:28;line-height:1.10;\">Finanzas<\/h1><\/div><div class=\"fusion-separator\" style=\"align-self: flex-start;margin-right:auto;margin-bottom:25px;width:100%;max-width:125px;\"><div class=\"fusion-separator-border sep-single sep-solid\" style=\"--awb-height:20px;--awb-amount:20px;--awb-sep-color:var(--awb-color3);border-color:var(--awb-color3);border-top-width:1px;\"><\/div><\/div><\/div><\/div><div class=\"fusion-layout-column fusion_builder_column fusion-builder-column-2 fusion_builder_column_1_2 1_2 fusion-flex-column fusion-animated\" style=\"--awb-padding-bottom:35px;--awb-padding-bottom-medium:35px;--awb-padding-bottom-small:35px;--awb-bg-size:cover;--awb-width-large:50%;--awb-margin-top-large:0px;--awb-spacing-right-large:3.84%;--awb-margin-bottom-large:0px;--awb-spacing-left-large:3.84%;--awb-width-medium:50%;--awb-order-medium:0;--awb-spacing-right-medium:3.84%;--awb-spacing-left-medium:3.84%;--awb-width-small:100%;--awb-order-small:0;--awb-spacing-right-small:1.92%;--awb-spacing-left-small:1.92%;\" data-animationtype=\"fadeInUp\" data-animationduration=\"0.3\" data-animationoffset=\"top-into-view\"><div class=\"fusion-column-wrapper fusion-column-has-shadow fusion-flex-justify-content-flex-start fusion-content-layout-column\"><div class=\"fusion-title title fusion-title-3 fusion-sep-none fusion-title-text fusion-title-size-one\" style=\"--awb-text-color:var(--awb-color8);--awb-margin-top-small:0px;--awb-margin-right-small:0px;--awb-margin-bottom-small:25px;--awb-margin-left-small:0px;--awb-font-size:22px;\"><h1 class=\"fusion-title-heading title-heading-left fusion-responsive-typography-calculated\" style=\"margin:0;text-transform:none;font-size:1em;--fontSize:22;--minFontSize:22;line-height:1.10;\">Auditor\u00edas<\/h1><\/div><div class=\"fusion-separator\" style=\"align-self: flex-start;margin-right:auto;margin-bottom:25px;width:100%;max-width:125px;\"><div class=\"fusion-separator-border sep-single sep-solid\" style=\"--awb-height:20px;--awb-amount:20px;--awb-sep-color:var(--awb-color3);border-color:var(--awb-color3);border-top-width:1px;\"><\/div><\/div><a href=\"https:\/\/growinghome.org\/wp-content\/uploads\/2024\/06\/2023-Audited-Financial-Statements.pdf\" target=\"_blank\"><i class=\"far fa-file-pdf\"><\/i> Estados Financieros Auditados 2023 (Firmados)<\/a>\n\n<a href=\"https:\/\/growinghome.org\/wp-content\/uploads\/2023\/05\/2022-Audited-Financial-Statements-Signed.pdf\" target=\"_blank\"><i class=\"far fa-file-pdf\"><\/i> Estados Financieros Auditados 2022 (Firmados)<\/a>\n\n<a href=\"https:\/\/growinghome.org\/wp-content\/uploads\/2023\/01\/2021-Audited-Financial-Statements-Signed.pdf\" target=\"_blank\"><i class=\"far fa-file-pdf\"><\/i> Estados financieros auditados de 2021 (firmados)<\/a>\n\n<a href=\"https:\/\/growinghome.org\/wp-content\/uploads\/2023\/01\/2020-Audited-Financial-Statements-Signed.pdf\" target=\"_blank\"><i class=\"far fa-file-pdf\"><\/i> Estados financieros auditados de 2020 (firmados)<\/a>\n\n<a href=\"https:\/\/growinghome.org\/wp-content\/uploads\/2023\/01\/2019-Audited-Financial-Statements-Signed.pdf\" target=\"_blank\"><i class=\"far fa-file-pdf\"><\/i> Estados financieros auditados de 2019 (firmados)<\/a>\n\n<a href=\"https:\/\/growinghome.org\/wp-content\/uploads\/2023\/01\/2018-Audited-Financial-Statements-Signed.pdf\" target=\"_blank\"><i class=\"far fa-file-pdf\"><\/i> Estados financieros auditados de 2018 (firmados)<\/a>\n\n<a href=\"https:\/\/growinghome.org\/wp-content\/uploads\/2023\/01\/2017-Audited-Financial-Statements-Signed.pdf\" target=\"_blank\"><i class=\"far fa-file-pdf\"><\/i> Estados financieros auditados de 2017 (firmados)<\/a>\n\n<a href=\"https:\/\/growinghome.org\/wp-content\/uploads\/2023\/01\/2016-Audited-Financial-Statements-Signed.pdf\" target=\"_blank\"><i class=\"far fa-file-pdf\"><\/i> Estados financieros auditados de 2016 (firmados)<\/a><\/div><\/div><div class=\"fusion-layout-column fusion_builder_column fusion-builder-column-3 fusion_builder_column_1_2 1_2 fusion-flex-column fusion-animated\" style=\"--awb-padding-bottom:35px;--awb-padding-bottom-medium:35px;--awb-padding-bottom-small:35px;--awb-bg-size:cover;--awb-width-large:50%;--awb-margin-top-large:0px;--awb-spacing-right-large:3.84%;--awb-margin-bottom-large:0px;--awb-spacing-left-large:3.84%;--awb-width-medium:50%;--awb-order-medium:0;--awb-spacing-right-medium:3.84%;--awb-spacing-left-medium:3.84%;--awb-width-small:100%;--awb-order-small:0;--awb-spacing-right-small:1.92%;--awb-spacing-left-small:1.92%;\" data-animationtype=\"fadeInUp\" data-animationduration=\"0.3\" data-animationoffset=\"top-into-view\"><div class=\"fusion-column-wrapper fusion-column-has-shadow fusion-flex-justify-content-flex-start fusion-content-layout-column\"><div class=\"fusion-title title fusion-title-4 fusion-sep-none fusion-title-text fusion-title-size-one\" style=\"--awb-text-color:var(--awb-color8);--awb-margin-top-small:0px;--awb-margin-right-small:0px;--awb-margin-bottom-small:25px;--awb-margin-left-small:0px;--awb-font-size:22px;\"><h1 class=\"fusion-title-heading title-heading-left fusion-responsive-typography-calculated\" style=\"margin:0;text-transform:none;font-size:1em;--fontSize:22;--minFontSize:22;line-height:1.10;\">Documentos de presentaci\u00f3n del IRS<\/h1><\/div><div class=\"fusion-separator\" style=\"align-self: flex-start;margin-right:auto;margin-bottom:25px;width:100%;max-width:125px;\"><div class=\"fusion-separator-border sep-single sep-solid\" style=\"--awb-height:20px;--awb-amount:20px;--awb-sep-color:var(--awb-color3);border-color:var(--awb-color3);border-top-width:1px;\"><\/div><\/div><a href=\"https:\/\/growinghome.org\/wp-content\/uploads\/2024\/05\/GH_2023_Public_Inspection_Tax_Docs.pdf\" target=\"_blank\"><i class=\"far fa-file-pdf\"><\/i> Formulario 990 2023 (Copia de divulgaci\u00f3n p\u00fablica)<\/a>\n<a href=\"https:\/\/growinghome.org\/wp-content\/uploads\/2024\/05\/2023_GH_Tax_Transmittal_Letter.pdf\" target=\"_blank\"><i class=\"far fa-file-pdf\"><\/i> Carta de transmisi\u00f3n de impuestos 2023<\/a>\n<br \/>\n<a href=\"https:\/\/growinghome.org\/wp-content\/uploads\/2024\/03\/GH_2022_PublicInspectionTaxDocuments.pdf\" target=\"_blank\"><i class=\"far fa-file-pdf\"><\/i> Formulario 990 de 2022 (copia de divulgaci\u00f3n p\u00fablica)<\/a>\n<a href=\"https:\/\/growinghome.org\/wp-content\/uploads\/2023\/01\/GH-2021-Form-990.pdf\" target=\"_blank\"><i class=\"far fa-file-pdf\"><\/i> Formulario 990 de 2021 (Copia de divulgaci\u00f3n p\u00fablica)<\/a>\n<a href=\"https:\/\/growinghome.org\/wp-content\/uploads\/2023\/01\/GH-2020-Form-990.pdf\" target=\"_blank\"><i class=\"far fa-file-pdf\"><\/i> Formulario 990 de 2020 (Copia de divulgaci\u00f3n p\u00fablica)<\/a>\n<a href=\"https:\/\/growinghome.org\/wp-content\/uploads\/2023\/01\/GH-2019-Form-990.pdf\" target=\"_blank\"><i class=\"far fa-file-pdf\"><\/i> Formulario 990 de 2019 (Copia de divulgaci\u00f3n p\u00fablica)<\/a>\n<a href=\"https:\/\/growinghome.org\/wp-content\/uploads\/2023\/01\/GH-2018-Form-990.pdf\" target=\"_blank\"><i class=\"far fa-file-pdf\"><\/i> Formulario 990 de 2018 (Copia de divulgaci\u00f3n p\u00fablica)<\/a>\n<a href=\"https:\/\/growinghome.org\/wp-content\/uploads\/2023\/01\/GH-2017-Form-990.pdf\" target=\"_blank\"><i class=\"far fa-file-pdf\"><\/i> Formulario 990 de 2017 (Copia de divulgaci\u00f3n p\u00fablica)<\/a>\n<a href=\"https:\/\/growinghome.org\/wp-content\/uploads\/2023\/01\/GH-2016-Form-990.pdf\" target=\"_blank\"><i class=\"far fa-file-pdf\"><\/i> Formulario 990 de 2016 (Copia de divulgaci\u00f3n p\u00fablica)<\/a>\n<a href=\"https:\/\/growinghome.org\/wp-content\/uploads\/2023\/01\/Form-1023-Original-Filing.pdf\" target=\"_blank\"><i class=\"far fa-file-pdf\"><\/i> Formulario 1023 Presentaci\u00f3n original<\/a><\/div><\/div><\/div><\/div><div class=\"fusion-fullwidth fullwidth-box fusion-builder-row-4 fusion-flex-container has-pattern-background has-mask-background nonhundred-percent-fullwidth non-hundred-percent-height-scrolling\" style=\"--awb-border-radius-top-left:0px;--awb-border-radius-top-right:0px;--awb-border-radius-bottom-right:0px;--awb-border-radius-bottom-left:0px;--awb-padding-top:25px;--awb-padding-bottom:25px;--awb-background-color:var(--awb-color7);--awb-flex-wrap:wrap;\" ><div class=\"fusion-builder-row fusion-row fusion-flex-align-items-center fusion-flex-content-wrap\" style=\"max-width:1248px;margin-left: calc(-4% \/ 2 );margin-right: calc(-4% \/ 2 );\"><div class=\"fusion-layout-column fusion_builder_column fusion-builder-column-4 fusion_builder_column_3_5 3_5 fusion-flex-column fusion-animated\" style=\"--awb-bg-size:cover;--awb-width-large:60%;--awb-margin-top-large:0px;--awb-spacing-right-large:3.2%;--awb-margin-bottom-large:0px;--awb-spacing-left-large:3.2%;--awb-width-medium:60%;--awb-order-medium:0;--awb-spacing-right-medium:3.2%;--awb-spacing-left-medium:3.2%;--awb-width-small:100%;--awb-order-small:0;--awb-spacing-right-small:1.92%;--awb-spacing-left-small:1.92%;\" data-animationtype=\"fadeInUp\" data-animationduration=\"0.3\" data-animationoffset=\"top-into-view\"><div class=\"fusion-column-wrapper fusion-column-has-shadow fusion-flex-justify-content-flex-start fusion-content-layout-column\"><div class=\"fusion-title title fusion-title-5 fusion-sep-none fusion-title-text fusion-title-size-five\" style=\"--awb-text-color:var(--awb-color1);--awb-margin-bottom:0px;--awb-margin-top-small:0px;--awb-margin-right-small:0px;--awb-margin-bottom-small:25px;--awb-margin-left-small:0px;--awb-margin-bottom-medium:0px;--awb-font-size:28px;\"><h5 class=\"fusion-title-heading title-heading-left fusion-responsive-typography-calculated\" style=\"margin:0;text-transform:none;font-size:1em;--fontSize:28;line-height:1.10;\">\u00bfTiene alguna pregunta o necesita asistencia?<\/h5><\/div><\/div><\/div><div class=\"fusion-layout-column fusion_builder_column fusion-builder-column-5 fusion_builder_column_2_5 2_5 fusion-flex-column fusion-animated\" style=\"--awb-bg-size:cover;--awb-width-large:40%;--awb-margin-top-large:0px;--awb-spacing-right-large:4.8%;--awb-margin-bottom-large:0px;--awb-spacing-left-large:4.8%;--awb-width-medium:40%;--awb-order-medium:0;--awb-spacing-right-medium:4.8%;--awb-spacing-left-medium:4.8%;--awb-width-small:100%;--awb-order-small:0;--awb-spacing-right-small:1.92%;--awb-spacing-left-small:1.92%;\" data-animationtype=\"fadeInUp\" data-animationduration=\"0.3\" data-animationoffset=\"top-into-view\"><div class=\"fusion-column-wrapper fusion-column-has-shadow fusion-flex-justify-content-flex-start fusion-content-layout-column\"><div class=\"sm-text-align-left\" style=\"text-align:right;\"><a class=\"fusion-button button-flat button-large button-custom fusion-button-default button-1 fusion-button-default-span fusion-button-default-type\" style=\"--button_accent_color:var(--awb-color1);--button_accent_hover_color:var(--awb-color6);--button_border_hover_color:var(--awb-color6);--button_border_width-top:1px;--button_border_width-right:1px;--button_border_width-bottom:1px;--button_border_width-left:1px;--button_gradient_top_color:rgba(255,255,255,0);--button_gradient_bottom_color:rgba(255,255,255,0);--button_gradient_top_color_hover:rgba(255,255,255,0);--button_gradient_bottom_color_hover:rgba(255,255,255,0);\" target=\"_self\" href=\"mailto:assistance@growinghome.org\"><span class=\"fusion-button-text awb-button__text awb-button__text--default\">Env\u00edenos un correo electr\u00f3nico<\/span><\/a><\/div><\/div><\/div><\/div><\/div>\n<div class=\"fusion-fullwidth fullwidth-box fusion-builder-row-5 fusion-flex-container has-pattern-background has-mask-background nonhundred-percent-fullwidth non-hundred-percent-height-scrolling\" style=\"--awb-border-radius-top-left:0px;--awb-border-radius-top-right:0px;--awb-border-radius-bottom-right:0px;--awb-border-radius-bottom-left:0px;--awb-padding-top:75px;--awb-padding-bottom:75px;--awb-background-color:var(--awb-color6);--awb-flex-wrap:wrap;\" ><div class=\"fusion-builder-row fusion-row fusion-flex-align-items-flex-start fusion-flex-content-wrap\" style=\"max-width:1248px;margin-left: calc(-4% \/ 2 );margin-right: calc(-4% \/ 2 );\"><div class=\"fusion-layout-column fusion_builder_column fusion-builder-column-6 fusion_builder_column_1_5 1_5 fusion-flex-column fusion-animated\" style=\"--awb-bg-size:cover;--awb-width-large:20%;--awb-margin-top-large:0px;--awb-spacing-right-large:9.6%;--awb-margin-bottom-large:0px;--awb-spacing-left-large:9.6%;--awb-width-medium:20%;--awb-order-medium:0;--awb-spacing-right-medium:9.6%;--awb-spacing-left-medium:9.6%;--awb-width-small:100%;--awb-order-small:0;--awb-spacing-right-small:1.92%;--awb-spacing-left-small:1.92%;\" data-animationtype=\"fadeInUp\" data-animationduration=\"0.3\" data-animationoffset=\"top-into-view\"><div class=\"fusion-column-wrapper fusion-column-has-shadow fusion-flex-justify-content-flex-start fusion-content-layout-column\"><div class=\"fusion-image-element sm-text-align-center\" style=\"text-align:left;--awb-margin-bottom-small:25px;--awb-max-width:75px;--awb-caption-title-font-family:var(--h2_typography-font-family);--awb-caption-title-font-weight:var(--h2_typography-font-weight);--awb-caption-title-font-style:var(--h2_typography-font-style);--awb-caption-title-size:var(--h2_typography-font-size);--awb-caption-title-transform:var(--h2_typography-text-transform);--awb-caption-title-line-height:var(--h2_typography-line-height);--awb-caption-title-letter-spacing:var(--h2_typography-letter-spacing);\"><span class=\"fusion-imageframe imageframe-none imageframe-1 hover-type-none\"><img data-recalc-dims=\"1\" decoding=\"async\" width=\"547\" height=\"433\" alt=\"Quote\" title=\"Quote\" src=\"https:\/\/i0.wp.com\/growinghome.org\/wp-content\/uploads\/2023\/01\/quote_left.png?resize=547%2C433&#038;ssl=1\" class=\"img-responsive wp-image-263\" srcset=\"https:\/\/i0.wp.com\/growinghome.org\/wp-content\/uploads\/2023\/01\/quote_left.png?resize=200%2C158&amp;ssl=1 200w, https:\/\/i0.wp.com\/growinghome.org\/wp-content\/uploads\/2023\/01\/quote_left.png?resize=300%2C237&amp;ssl=1 300w, https:\/\/i0.wp.com\/growinghome.org\/wp-content\/uploads\/2023\/01\/quote_left.png?resize=400%2C317&amp;ssl=1 400w, https:\/\/i0.wp.com\/growinghome.org\/wp-content\/uploads\/2023\/01\/quote_left.png?w=547&amp;ssl=1 547w\" sizes=\"(max-width: 640px) 100vw, 200px\" \/><\/span><\/div><\/div><\/div><div class=\"fusion-layout-column fusion_builder_column fusion-builder-column-7 fusion_builder_column_3_5 3_5 fusion-flex-column fusion-animated\" style=\"--awb-bg-size:cover;--awb-width-large:60%;--awb-margin-top-large:0px;--awb-spacing-right-large:3.2%;--awb-margin-bottom-large:0px;--awb-spacing-left-large:3.2%;--awb-width-medium:60%;--awb-order-medium:0;--awb-spacing-right-medium:3.2%;--awb-spacing-left-medium:3.2%;--awb-width-small:100%;--awb-order-small:0;--awb-spacing-right-small:1.92%;--awb-spacing-left-small:1.92%;\" data-animationtype=\"fadeInUp\" data-animationduration=\"0.3\" data-animationoffset=\"top-into-view\"><div class=\"fusion-column-wrapper fusion-column-has-shadow fusion-flex-justify-content-flex-start fusion-content-layout-column\"><div class=\"fusion-title title fusion-title-6 fusion-sep-none fusion-title-center fusion-title-text fusion-title-size-five\" style=\"--awb-text-color:var(--awb-color1);--awb-margin-top-small:0px;--awb-margin-right-small:0px;--awb-margin-bottom-small:25px;--awb-margin-left-small:0px;--awb-font-size:20px;\"><h5 class=\"fusion-title-heading title-heading-center fusion-responsive-typography-calculated\" style=\"margin:0;text-transform:none;font-size:1em;--fontSize:20;--minFontSize:20;line-height:1.10;\">Fant\u00e1stica organizaci\u00f3n sin \u00e1nimo de lucro dedicada a romper el ciclo de la pobreza. Enfoque de servicios envolventes de m\u00faltiples generaciones para ayudar a las familias. Voluntarios incre\u00edbles que trabajan junto con un peque\u00f1o personal para marcar una diferencia real.<\/h5><\/div><div class=\"fusion-title title fusion-title-7 fusion-sep-none fusion-title-center fusion-title-text fusion-title-size-five\" style=\"--awb-text-color:var(--awb-color1);--awb-margin-bottom:0px;--awb-margin-top-small:0px;--awb-margin-right-small:0px;--awb-margin-bottom-small:0px;--awb-margin-left-small:0px;--awb-margin-bottom-medium:0px;--awb-font-size:16px;\"><h5 class=\"fusion-title-heading title-heading-center fusion-responsive-typography-calculated\" style=\"margin:0;text-transform:none;font-size:1em;--fontSize:16;--minFontSize:16;line-height:1.10;\"><p><strong>JW Braun<\/strong><br \/>\n<a style=\"color: #fff;\" href=\"https:\/\/search.google.com\/local\/writereview?placeid=ChIJJRpPJOJ3bIcRv8sgn-7r6_Y\" target=\"_blank\" rel=\"noopener\"><u>Leer o publicar una rese\u00f1a<\/u><\/a><\/p><\/h5><\/div><\/div><\/div><div class=\"fusion-layout-column fusion_builder_column fusion-builder-column-8 fusion_builder_column_1_5 1_5 fusion-flex-column fusion-animated\" style=\"--awb-bg-size:cover;--awb-width-large:20%;--awb-margin-top-large:0px;--awb-spacing-right-large:9.6%;--awb-margin-bottom-large:0px;--awb-spacing-left-large:9.6%;--awb-width-medium:20%;--awb-order-medium:0;--awb-spacing-right-medium:9.6%;--awb-spacing-left-medium:9.6%;--awb-width-small:100%;--awb-order-small:0;--awb-spacing-right-small:1.92%;--awb-spacing-left-small:1.92%;\" data-animationtype=\"fadeInUp\" data-animationduration=\"0.3\" data-animationoffset=\"top-into-view\"><div class=\"fusion-column-wrapper fusion-column-has-shadow fusion-flex-justify-content-flex-start fusion-content-layout-column\"><div class=\"fusion-image-element sm-text-align-center\" style=\"text-align:right;--awb-margin-top-small:25px;--awb-max-width:75px;--awb-caption-title-font-family:var(--h2_typography-font-family);--awb-caption-title-font-weight:var(--h2_typography-font-weight);--awb-caption-title-font-style:var(--h2_typography-font-style);--awb-caption-title-size:var(--h2_typography-font-size);--awb-caption-title-transform:var(--h2_typography-text-transform);--awb-caption-title-line-height:var(--h2_typography-line-height);--awb-caption-title-letter-spacing:var(--h2_typography-letter-spacing);\"><span class=\"fusion-imageframe imageframe-none imageframe-2 hover-type-none\"><img data-recalc-dims=\"1\" decoding=\"async\" width=\"547\" height=\"433\" alt=\"Quote\" title=\"Quote\" src=\"https:\/\/i0.wp.com\/growinghome.org\/wp-content\/uploads\/2023\/01\/quote_right.png?resize=547%2C433&#038;ssl=1\" class=\"img-responsive wp-image-262\" srcset=\"https:\/\/i0.wp.com\/growinghome.org\/wp-content\/uploads\/2023\/01\/quote_right.png?resize=200%2C158&amp;ssl=1 200w, https:\/\/i0.wp.com\/growinghome.org\/wp-content\/uploads\/2023\/01\/quote_right.png?resize=300%2C237&amp;ssl=1 300w, https:\/\/i0.wp.com\/growinghome.org\/wp-content\/uploads\/2023\/01\/quote_right.png?resize=400%2C317&amp;ssl=1 400w, https:\/\/i0.wp.com\/growinghome.org\/wp-content\/uploads\/2023\/01\/quote_right.png?w=547&amp;ssl=1 547w\" sizes=\"(max-width: 640px) 100vw, 200px\" \/><\/span><\/div><\/div><\/div><\/div><\/div>\n<\/p>","protected":false},"excerpt":{"rendered":"","protected":false},"author":1,"featured_media":0,"parent":851,"menu_order":3,"comment_status":"closed","ping_status":"closed","template":"100-width.php","meta":{"footnotes":""},"class_list":["post-78655","page","type-page","status-publish","hentry"],"jetpack_sharing_enabled":true,"_links":{"self":[{"href":"https:\/\/growinghome.org\/es\/wp-json\/wp\/v2\/pages\/78655","targetHints":{"allow":["GET"]}}],"collection":[{"href":"https:\/\/growinghome.org\/es\/wp-json\/wp\/v2\/pages"}],"about":[{"href":"https:\/\/growinghome.org\/es\/wp-json\/wp\/v2\/types\/page"}],"author":[{"embeddable":true,"href":"https:\/\/growinghome.org\/es\/wp-json\/wp\/v2\/users\/1"}],"replies":[{"embeddable":true,"href":"https:\/\/growinghome.org\/es\/wp-json\/wp\/v2\/comments?post=78655"}],"version-history":[{"count":0,"href":"https:\/\/growinghome.org\/es\/wp-json\/wp\/v2\/pages\/78655\/revisions"}],"up":[{"embeddable":true,"href":"https:\/\/growinghome.org\/es\/wp-json\/wp\/v2\/pages\/851"}],"wp:attachment":[{"href":"https:\/\/growinghome.org\/es\/wp-json\/wp\/v2\/media?parent=78655"}],"curies":[{"name":"wp","href":"https:\/\/api.w.org\/{rel}","templated":true}]}}