{"id":80544,"date":"2023-05-29T10:38:01","date_gmt":"2023-05-29T16:38:01","guid":{"rendered":"https:\/\/growinghome.org\/?page_id=80544"},"modified":"2026-02-09T09:59:15","modified_gmt":"2026-02-09T16:59:15","slug":"anti-discrimination-policy","status":"publish","type":"page","link":"https:\/\/growinghome.org\/es\/anti-discrimination-policy\/","title":{"rendered":"Anti-Discrimination Policy"},"content":{"rendered":"<p><div class=\"fusion-fullwidth fullwidth-box fusion-builder-row-1 fusion-flex-container has-pattern-background has-mask-background fusion-parallax-none nonhundred-percent-fullwidth non-hundred-percent-height-scrolling\" style=\"--awb-background-position:center top;--awb-background-blend-mode:overlay;--awb-border-radius-top-left:0px;--awb-border-radius-top-right:0px;--awb-border-radius-bottom-right:0px;--awb-border-radius-bottom-left:0px;--awb-padding-top:250px;--awb-padding-bottom:125px;--awb-padding-top-medium:250px;--awb-padding-bottom-medium:200px;--awb-padding-top-small:65px;--awb-padding-bottom-small:75px;--awb-background-color:rgba(47,69,78,0.45);--awb-background-image:url(&quot;https:\/\/growinghome.org\/wp-content\/uploads\/2022\/11\/slider_GHGeneral_03.jpg&quot;);--awb-background-size:cover;--awb-flex-wrap:wrap;\" ><div class=\"fusion-builder-row fusion-row fusion-flex-align-items-flex-start fusion-flex-content-wrap\" style=\"max-width:1248px;margin-left: calc(-4% \/ 2 );margin-right: calc(-4% \/ 2 );\"><\/div><\/div>\n<div class=\"fusion-fullwidth fullwidth-box fusion-builder-row-2 fusion-flex-container has-pattern-background has-mask-background nonhundred-percent-fullwidth non-hundred-percent-height-scrolling\" style=\"--awb-border-radius-top-left:0px;--awb-border-radius-top-right:0px;--awb-border-radius-bottom-right:0px;--awb-border-radius-bottom-left:0px;--awb-padding-top:75px;--awb-padding-bottom:75px;--awb-flex-wrap:wrap;\" ><div class=\"fusion-builder-row fusion-row fusion-flex-align-items-flex-start fusion-flex-content-wrap\" style=\"max-width:1248px;margin-left: calc(-4% \/ 2 );margin-right: calc(-4% \/ 2 );\"><div class=\"fusion-layout-column fusion_builder_column fusion-builder-column-0 fusion_builder_column_1_1 1_1 fusion-flex-column fusion-animated\" style=\"--awb-bg-size:cover;--awb-width-large:100%;--awb-margin-top-large:0px;--awb-spacing-right-large:1.92%;--awb-margin-bottom-large:0px;--awb-spacing-left-large:1.92%;--awb-width-medium:100%;--awb-order-medium:0;--awb-spacing-right-medium:1.92%;--awb-spacing-left-medium:1.92%;--awb-width-small:100%;--awb-order-small:0;--awb-spacing-right-small:1.92%;--awb-spacing-left-small:1.92%;\" data-animationtype=\"fadeInUp\" data-animationduration=\"0.3\" data-animationoffset=\"top-into-view\"><div class=\"fusion-column-wrapper fusion-column-has-shadow fusion-flex-justify-content-flex-start fusion-content-layout-column\"><div class=\"fusion-title title fusion-title-1 fusion-sep-none fusion-title-text fusion-title-size-one\" style=\"--awb-text-color:var(--awb-color8);--awb-margin-top-small:0px;--awb-margin-right-small:0px;--awb-margin-bottom-small:25px;--awb-margin-left-small:0px;--awb-font-size:28px;\"><h1 class=\"fusion-title-heading title-heading-left fusion-responsive-typography-calculated\" style=\"margin:0;text-transform:none;font-size:1em;--fontSize:28;line-height:1.10;\">Anti-Discrimination Policy<\/h1><\/div><div class=\"fusion-separator\" style=\"align-self: flex-start;margin-right:auto;margin-bottom:25px;width:100%;max-width:125px;\"><div class=\"fusion-separator-border sep-single sep-solid\" style=\"--awb-height:20px;--awb-amount:20px;--awb-sep-color:var(--awb-color3);border-color:var(--awb-color3);border-top-width:1px;\"><\/div><\/div><div class=\"fusion-text fusion-text-1 fusion-text-no-margin\" style=\"--awb-margin-bottom:35px;\"><p>Growing Home se compromete a garantizar la igualdad de oportunidades de empleo, oportunidades de voluntariado y servicios. Growing Home no discrimina a ning\u00fan participante, voluntario o empleado por su raza (incluida la textura del cabello, el tipo de cabello o un peinado protector com\u00fan o hist\u00f3ricamente asociado con la raza, como trenzas, locs, giros, bobinas o rizos apretados, cornrows, nudos bant\u00faes, afros y envolturas para la cabeza), etnia, religi\u00f3n, credo, color, origen nacional, estado de ciudadan\u00eda, ascendencia, edad cuarenta y m\u00e1s, sexo, g\u00e9nero, identidad de g\u00e9nero, expresi\u00f3n de g\u00e9nero, orientaci\u00f3n sexual, estado civil, matrimonio con un compa\u00f1ero de trabajo (sujeto a condiciones espec\u00edficas), discapacidad, informaci\u00f3n gen\u00e9tica, embarazo; parto; y condiciones relacionadas, estado militar o veterano, o cualquier otra clase protegida basada en la ley federal, estatal o local.<\/p>\n<p>Growing Home se compromete a mantener un entorno libre de cualquier tipo de acoso. Cualquier persona que crea que ha habido una violaci\u00f3n de esta pol\u00edtica debe informar el incidente al Director Financiero y de Operaciones, Presidente y CEO de Growing Home, o a su supervisor. Growing Home proh\u00edbe las represalias contra un empleado por presentar una queja bajo esta pol\u00edtica o por ayudar en una investigaci\u00f3n de quejas.<\/p>\n<p><em>Por la presente certifico que la Resoluci\u00f3n anterior y anterior fue modificada y aprobada por la Junta Directiva de la Corporaci\u00f3n el d\u00eda de <strong>abril 26, 2022<\/strong>.<\/em><\/p>\n<p><em>William M\u00e1rquez, Presidente de la Junta, Growing Home, Inc.<\/em><\/p>\n<\/div><\/div><\/div><\/div><\/div><\/p>","protected":false},"excerpt":{"rendered":"","protected":false},"author":1,"featured_media":0,"parent":0,"menu_order":11,"comment_status":"closed","ping_status":"closed","template":"100-width.php","meta":{"footnotes":""},"class_list":["post-80544","page","type-page","status-publish","hentry"],"jetpack_sharing_enabled":true,"_links":{"self":[{"href":"https:\/\/growinghome.org\/es\/wp-json\/wp\/v2\/pages\/80544","targetHints":{"allow":["GET"]}}],"collection":[{"href":"https:\/\/growinghome.org\/es\/wp-json\/wp\/v2\/pages"}],"about":[{"href":"https:\/\/growinghome.org\/es\/wp-json\/wp\/v2\/types\/page"}],"author":[{"embeddable":true,"href":"https:\/\/growinghome.org\/es\/wp-json\/wp\/v2\/users\/1"}],"replies":[{"embeddable":true,"href":"https:\/\/growinghome.org\/es\/wp-json\/wp\/v2\/comments?post=80544"}],"version-history":[{"count":1,"href":"https:\/\/growinghome.org\/es\/wp-json\/wp\/v2\/pages\/80544\/revisions"}],"predecessor-version":[{"id":85019,"href":"https:\/\/growinghome.org\/es\/wp-json\/wp\/v2\/pages\/80544\/revisions\/85019"}],"wp:attachment":[{"href":"https:\/\/growinghome.org\/es\/wp-json\/wp\/v2\/media?parent=80544"}],"curies":[{"name":"wp","href":"https:\/\/api.w.org\/{rel}","templated":true}]}}